{"id":38,"date":"2023-07-21T01:58:11","date_gmt":"2023-07-21T01:58:11","guid":{"rendered":"https:\/\/gaviaspreview.com\/wp\/lestin\/?page_id=38"},"modified":"2025-09-05T14:36:22","modified_gmt":"2025-09-05T11:36:22","slug":"kesfet","status":"publish","type":"page","link":"https:\/\/www.gezdora.com\/de\/kesfet\/","title":{"rendered":"Entdecken"},"content":{"rendered":"","protected":false},"excerpt":{"rendered":"","protected":false},"author":1,"featured_media":0,"parent":0,"menu_order":0,"comment_status":"closed","ping_status":"closed","template":"page-listing.php","meta":{"_acf_changed":false,"_price":"","_stock":"","_tribe_ticket_header":"","_tribe_default_ticket_provider":"","_tribe_ticket_capacity":"0","_ticket_start_date":"","_ticket_end_date":"","_tribe_ticket_show_description":"","_tribe_ticket_show_not_going":false,"_tribe_ticket_use_global_stock":"","_tribe_ticket_global_stock_level":"","_global_stock_mode":"","_global_stock_cap":"","_tribe_rsvp_for_event":"","_tribe_ticket_going_count":"","_tribe_ticket_not_going_count":"","_tribe_tickets_list":"[]","_tribe_ticket_has_attendee_info_fields":false,"footnotes":"","_tec_slr_enabled":"","_tec_slr_layout":""},"class_list":["post-38","page","type-page","status-publish","hentry"],"acf":[],"yoast_head":"<!-- This site is optimized with the Yoast SEO Premium plugin v25.5 (Yoast SEO v25.8) - https:\/\/yoast.com\/wordpress\/plugins\/seo\/ -->\n<title>Ke\u015ffet - Gezdora | Yerel Ke\u015fif Platformu<\/title>\n<meta name=\"robots\" content=\"index, follow, max-snippet:-1, max-image-preview:large, max-video-preview:-1\" \/>\n<link rel=\"canonical\" href=\"https:\/\/www.gezdora.com\/de\/kesfet\/\" \/>\n<meta property=\"og:locale\" content=\"de_DE\" \/>\n<meta property=\"og:type\" content=\"article\" \/>\n<meta property=\"og:title\" content=\"Ke\u015ffet\" \/>\n<meta property=\"og:url\" content=\"https:\/\/www.gezdora.com\/de\/kesfet\/\" \/>\n<meta property=\"og:site_name\" content=\"Gezdora | Yerel Ke\u015fif Platformu\" \/>\n<meta property=\"article:modified_time\" content=\"2025-09-05T11:36:22+00:00\" \/>\n<meta name=\"twitter:card\" content=\"summary_large_image\" \/>\n<script type=\"application\/ld+json\" class=\"yoast-schema-graph\">{\"@context\":\"https:\/\/schema.org\",\"@graph\":[{\"@type\":\"WebPage\",\"@id\":\"https:\/\/www.gezdora.com\/kesfet\/\",\"url\":\"https:\/\/www.gezdora.com\/kesfet\/\",\"name\":\"Ke\u015ffet - Gezdora | Yerel Ke\u015fif Platformu\",\"isPartOf\":{\"@id\":\"https:\/\/www.gezdora.com\/#website\"},\"datePublished\":\"2023-07-21T01:58:11+00:00\",\"dateModified\":\"2025-09-05T11:36:22+00:00\",\"breadcrumb\":{\"@id\":\"https:\/\/www.gezdora.com\/kesfet\/#breadcrumb\"},\"inLanguage\":\"de\",\"potentialAction\":[{\"@type\":\"ReadAction\",\"target\":[\"https:\/\/www.gezdora.com\/kesfet\/\"]}]},{\"@type\":\"BreadcrumbList\",\"@id\":\"https:\/\/www.gezdora.com\/kesfet\/#breadcrumb\",\"itemListElement\":[{\"@type\":\"ListItem\",\"position\":1,\"name\":\"Anasayfa\",\"item\":\"https:\/\/www.gezdora.com\/\"},{\"@type\":\"ListItem\",\"position\":2,\"name\":\"Ke\u015ffet\"}]},{\"@type\":\"WebSite\",\"@id\":\"https:\/\/www.gezdora.com\/#website\",\"url\":\"https:\/\/www.gezdora.com\/\",\"name\":\"Gezdora | T\u00fcrkiye'nin Mekan \u00d6neri ve Ke\u015fif Rehberi\",\"description\":\"Gezdora, gez doya doya.\",\"publisher\":{\"@id\":\"https:\/\/www.gezdora.com\/#organization\"},\"potentialAction\":[{\"@type\":\"SearchAction\",\"target\":{\"@type\":\"EntryPoint\",\"urlTemplate\":\"https:\/\/www.gezdora.com\/?s={search_term_string}\"},\"query-input\":{\"@type\":\"PropertyValueSpecification\",\"valueRequired\":true,\"valueName\":\"search_term_string\"}}],\"inLanguage\":\"de\"},{\"@type\":\"Organization\",\"@id\":\"https:\/\/www.gezdora.com\/#organization\",\"name\":\"Gezdora | T\u00fcrkiye'nin Mekan \u00d6neri ve Ke\u015fif Rehberi\",\"url\":\"https:\/\/www.gezdora.com\/\",\"logo\":{\"@type\":\"ImageObject\",\"inLanguage\":\"de\",\"@id\":\"https:\/\/www.gezdora.com\/#\/schema\/logo\/image\/\",\"url\":\"https:\/\/www.gezdora.com\/wp-content\/uploads\/job-manager-uploads\/_user_avatar\/2025\/07\/gwwg.png\",\"contentUrl\":\"https:\/\/www.gezdora.com\/wp-content\/uploads\/job-manager-uploads\/_user_avatar\/2025\/07\/gwwg.png\",\"width\":115,\"height\":110,\"caption\":\"Gezdora | T\u00fcrkiye'nin Mekan \u00d6neri ve Ke\u015fif Rehberi\"},\"image\":{\"@id\":\"https:\/\/www.gezdora.com\/#\/schema\/logo\/image\/\"},\"sameAs\":[\"https:\/\/www.instagram.com\/gezdora\/\"]}]}<\/script>\n<!-- \/ Yoast SEO Premium plugin. -->","yoast_head_json":{"title":"Ke\u015ffet - Gezdora | Yerel Ke\u015fif Platformu","robots":{"index":"index","follow":"follow","max-snippet":"max-snippet:-1","max-image-preview":"max-image-preview:large","max-video-preview":"max-video-preview:-1"},"canonical":"https:\/\/www.gezdora.com\/de\/kesfet\/","og_locale":"de_DE","og_type":"article","og_title":"Ke\u015ffet","og_url":"https:\/\/www.gezdora.com\/de\/kesfet\/","og_site_name":"Gezdora | Yerel Ke\u015fif Platformu","article_modified_time":"2025-09-05T11:36:22+00:00","twitter_card":"summary_large_image","schema":{"@context":"https:\/\/schema.org","@graph":[{"@type":"WebPage","@id":"https:\/\/www.gezdora.com\/kesfet\/","url":"https:\/\/www.gezdora.com\/kesfet\/","name":"Ke\u015ffet - Gezdora | Yerel Ke\u015fif Platformu","isPartOf":{"@id":"https:\/\/www.gezdora.com\/#website"},"datePublished":"2023-07-21T01:58:11+00:00","dateModified":"2025-09-05T11:36:22+00:00","breadcrumb":{"@id":"https:\/\/www.gezdora.com\/kesfet\/#breadcrumb"},"inLanguage":"de","potentialAction":[{"@type":"ReadAction","target":["https:\/\/www.gezdora.com\/kesfet\/"]}]},{"@type":"BreadcrumbList","@id":"https:\/\/www.gezdora.com\/kesfet\/#breadcrumb","itemListElement":[{"@type":"ListItem","position":1,"name":"Anasayfa","item":"https:\/\/www.gezdora.com\/"},{"@type":"ListItem","position":2,"name":"Ke\u015ffet"}]},{"@type":"WebSite","@id":"https:\/\/www.gezdora.com\/#website","url":"https:\/\/www.gezdora.com\/","name":"Gezdora | T\u00fcrkiyes Standortempfehlung und Entdeckungsf\u00fchrer","description":"Reisen Sie, reisen Sie nach Herzenslust.","publisher":{"@id":"https:\/\/www.gezdora.com\/#organization"},"potentialAction":[{"@type":"SearchAction","target":{"@type":"EntryPoint","urlTemplate":"https:\/\/www.gezdora.com\/?s={search_term_string}"},"query-input":{"@type":"PropertyValueSpecification","valueRequired":true,"valueName":"search_term_string"}}],"inLanguage":"de"},{"@type":"Organization","@id":"https:\/\/www.gezdora.com\/#organization","name":"Gezdora | T\u00fcrkiyes Standortempfehlung und Entdeckungsf\u00fchrer","url":"https:\/\/www.gezdora.com\/","logo":{"@type":"ImageObject","inLanguage":"de","@id":"https:\/\/www.gezdora.com\/#\/schema\/logo\/image\/","url":"https:\/\/www.gezdora.com\/wp-content\/uploads\/job-manager-uploads\/_user_avatar\/2025\/07\/gwwg.png","contentUrl":"https:\/\/www.gezdora.com\/wp-content\/uploads\/job-manager-uploads\/_user_avatar\/2025\/07\/gwwg.png","width":115,"height":110,"caption":"Gezdora | T\u00fcrkiye'nin Mekan \u00d6neri ve Ke\u015fif Rehberi"},"image":{"@id":"https:\/\/www.gezdora.com\/#\/schema\/logo\/image\/"},"sameAs":["https:\/\/www.instagram.com\/gezdora\/"]}]}},"rttpg_featured_image_url":null,"rttpg_author":{"display_name":"Gezdora","author_link":"https:\/\/www.gezdora.com\/de\/author\/gezdoraadmin\/"},"rttpg_comment":0,"rttpg_category":null,"rttpg_excerpt":null,"ticketed":false,"_links":{"self":[{"href":"https:\/\/www.gezdora.com\/de\/wp-json\/wp\/v2\/pages\/38","targetHints":{"allow":["GET"]}}],"collection":[{"href":"https:\/\/www.gezdora.com\/de\/wp-json\/wp\/v2\/pages"}],"about":[{"href":"https:\/\/www.gezdora.com\/de\/wp-json\/wp\/v2\/types\/page"}],"author":[{"embeddable":true,"href":"https:\/\/www.gezdora.com\/de\/wp-json\/wp\/v2\/users\/1"}],"replies":[{"embeddable":true,"href":"https:\/\/www.gezdora.com\/de\/wp-json\/wp\/v2\/comments?post=38"}],"version-history":[{"count":1,"href":"https:\/\/www.gezdora.com\/de\/wp-json\/wp\/v2\/pages\/38\/revisions"}],"predecessor-version":[{"id":1907,"href":"https:\/\/www.gezdora.com\/de\/wp-json\/wp\/v2\/pages\/38\/revisions\/1907"}],"wp:attachment":[{"href":"https:\/\/www.gezdora.com\/de\/wp-json\/wp\/v2\/media?parent=38"}],"curies":[{"name":"wp","href":"https:\/\/api.w.org\/{rel}","templated":true}]}}