{"id":50,"date":"2023-07-21T02:00:24","date_gmt":"2023-07-21T02:00:24","guid":{"rendered":"https:\/\/gaviaspreview.com\/wp\/lestin\/?page_id=50"},"modified":"2025-07-02T20:10:36","modified_gmt":"2025-07-02T17:10:36","slug":"panel","status":"publish","type":"page","link":"https:\/\/www.gezdora.com\/es\/panel\/","title":{"rendered":"Panel"},"content":{"rendered":"<div class=\"dashboard-inner-block user-login-form\">\n      <p class=\"account-sign-in hidden\">You need to be signed in to manage your listings. <a class=\"button\" href=\"https:\/\/www.gezdora.com\/wp-login.php?redirect_to=https%3A%2F%2Fwww.gezdora.com%2Fes%2Fpanel%2F\">Sign in<\/a><\/p>\n      <div class=\"ajax-user-form\">\n         <h2 class=\"title\">Sign In<\/h2>\n         <div class=\"form-ajax-login-popup-content\">\n            \t\t<form id=\"ajax-login-form\" method=\"post\" class=\"ajax-form-content\" action=\"\">\r\n\t\t   <div class=\"form-status\"><\/div>\r\n\t\t   <div class=\"form-group\">\r\n\t\t\t   <label for=\"username\">Username<\/label>\r\n\t\t\t   <input id=\"username\" type=\"text\" placeholder=\"Username\" name=\"username\" autocomplete='off' class=\"form-control\">\r\n\t\t\t<\/div>\r\n\t\t   <div class=\"form-group\">\r\n\t\t\t   <label for=\"password\">Password<\/label>\r\n\t\t\t   <input id=\"password\" type=\"password\" placeholder=\"******\" name=\"password\" autocomplete='off' class=\"form-control\">\r\n\t\t\t\t<input type=\"hidden\" name=\"link_redirect\" value=\"\" \/>\r\n\t\t\t<\/div>   \r\n\t\t   <div class=\"form-group form-action\">\r\n\t\t\t   <input class=\"btn-theme btn-fw\" type=\"submit\" value=\"Login\" name=\"submit\">\r\n\t\t\t<\/div>   \r\n\t\t\t<div class=\"lost-password\">\r\n\t\t   \t<a class=\"lost-popup\" data-bs-toggle=\"modal\" data-bs-target=\"#form-ajax-lost-password-popup\" aria-label=\"popup\">Lost your password?<\/a>\r\n\t\t   <\/div>\r\n\t\t<input type=\"hidden\" name=\"trp-form-language\" value=\"es\"\/><\/form>\r\n\t         <\/div>\n         <div class=\"user-registration\">\n            Don&#039;t have an account            <a class=\"registration-popup\"  href=\"https:\/\/www.gezdora.com\/es\/panel\/?dashboard=register\">\n               Registro            <\/a>\n         <\/div>   \n      <\/div>\n   <\/div>","protected":false},"excerpt":{"rendered":"","protected":false},"author":1,"featured_media":0,"parent":0,"menu_order":0,"comment_status":"closed","ping_status":"closed","template":"","meta":{"_acf_changed":false,"_price":"","_stock":"","_tribe_ticket_header":"","_tribe_default_ticket_provider":"","_tribe_ticket_capacity":"0","_ticket_start_date":"","_ticket_end_date":"","_tribe_ticket_show_description":"","_tribe_ticket_show_not_going":false,"_tribe_ticket_use_global_stock":"","_tribe_ticket_global_stock_level":"","_global_stock_mode":"","_global_stock_cap":"","_tribe_rsvp_for_event":"","_tribe_ticket_going_count":"","_tribe_ticket_not_going_count":"","_tribe_tickets_list":"[]","_tribe_ticket_has_attendee_info_fields":false,"footnotes":"","_tec_slr_enabled":"","_tec_slr_layout":""},"class_list":["post-50","page","type-page","status-publish","hentry"],"acf":[],"yoast_head":"<!-- This site is optimized with the Yoast SEO Premium plugin v25.5 (Yoast SEO v25.8) - https:\/\/yoast.com\/wordpress\/plugins\/seo\/ -->\n<title>Panel - Gezdora | Yerel Ke\u015fif Platformu<\/title>\n<meta name=\"robots\" content=\"index, follow, max-snippet:-1, max-image-preview:large, max-video-preview:-1\" \/>\n<link rel=\"canonical\" href=\"https:\/\/www.gezdora.com\/es\/panel\/\" \/>\n<meta property=\"og:locale\" content=\"es_ES\" \/>\n<meta property=\"og:type\" content=\"article\" \/>\n<meta property=\"og:title\" content=\"Panel\" \/>\n<meta property=\"og:url\" content=\"https:\/\/www.gezdora.com\/es\/panel\/\" \/>\n<meta property=\"og:site_name\" content=\"Gezdora | Yerel Ke\u015fif Platformu\" \/>\n<meta property=\"article:modified_time\" content=\"2025-07-02T17:10:36+00:00\" \/>\n<meta name=\"twitter:card\" content=\"summary_large_image\" \/>\n<script type=\"application\/ld+json\" class=\"yoast-schema-graph\">{\"@context\":\"https:\/\/schema.org\",\"@graph\":[{\"@type\":\"WebPage\",\"@id\":\"https:\/\/www.gezdora.com\/panel\/\",\"url\":\"https:\/\/www.gezdora.com\/panel\/\",\"name\":\"Panel - Gezdora | Yerel Ke\u015fif Platformu\",\"isPartOf\":{\"@id\":\"https:\/\/www.gezdora.com\/#website\"},\"datePublished\":\"2023-07-21T02:00:24+00:00\",\"dateModified\":\"2025-07-02T17:10:36+00:00\",\"breadcrumb\":{\"@id\":\"https:\/\/www.gezdora.com\/panel\/#breadcrumb\"},\"inLanguage\":\"es\",\"potentialAction\":[{\"@type\":\"ReadAction\",\"target\":[\"https:\/\/www.gezdora.com\/panel\/\"]}]},{\"@type\":\"BreadcrumbList\",\"@id\":\"https:\/\/www.gezdora.com\/panel\/#breadcrumb\",\"itemListElement\":[{\"@type\":\"ListItem\",\"position\":1,\"name\":\"Anasayfa\",\"item\":\"https:\/\/www.gezdora.com\/\"},{\"@type\":\"ListItem\",\"position\":2,\"name\":\"Panel\"}]},{\"@type\":\"WebSite\",\"@id\":\"https:\/\/www.gezdora.com\/#website\",\"url\":\"https:\/\/www.gezdora.com\/\",\"name\":\"Gezdora | T\u00fcrkiye'nin Mekan \u00d6neri ve Ke\u015fif Rehberi\",\"description\":\"Gezdora, gez doya doya.\",\"publisher\":{\"@id\":\"https:\/\/www.gezdora.com\/#organization\"},\"potentialAction\":[{\"@type\":\"SearchAction\",\"target\":{\"@type\":\"EntryPoint\",\"urlTemplate\":\"https:\/\/www.gezdora.com\/?s={search_term_string}\"},\"query-input\":{\"@type\":\"PropertyValueSpecification\",\"valueRequired\":true,\"valueName\":\"search_term_string\"}}],\"inLanguage\":\"es\"},{\"@type\":\"Organization\",\"@id\":\"https:\/\/www.gezdora.com\/#organization\",\"name\":\"Gezdora | T\u00fcrkiye'nin Mekan \u00d6neri ve Ke\u015fif Rehberi\",\"url\":\"https:\/\/www.gezdora.com\/\",\"logo\":{\"@type\":\"ImageObject\",\"inLanguage\":\"es\",\"@id\":\"https:\/\/www.gezdora.com\/#\/schema\/logo\/image\/\",\"url\":\"https:\/\/www.gezdora.com\/wp-content\/uploads\/job-manager-uploads\/_user_avatar\/2025\/07\/gwwg.png\",\"contentUrl\":\"https:\/\/www.gezdora.com\/wp-content\/uploads\/job-manager-uploads\/_user_avatar\/2025\/07\/gwwg.png\",\"width\":115,\"height\":110,\"caption\":\"Gezdora | T\u00fcrkiye'nin Mekan \u00d6neri ve Ke\u015fif Rehberi\"},\"image\":{\"@id\":\"https:\/\/www.gezdora.com\/#\/schema\/logo\/image\/\"},\"sameAs\":[\"https:\/\/www.instagram.com\/gezdora\/\"]}]}<\/script>\n<!-- \/ Yoast SEO Premium plugin. -->","yoast_head_json":{"title":"Panel - Gezdora | Yerel Ke\u015fif Platformu","robots":{"index":"index","follow":"follow","max-snippet":"max-snippet:-1","max-image-preview":"max-image-preview:large","max-video-preview":"max-video-preview:-1"},"canonical":"https:\/\/www.gezdora.com\/es\/panel\/","og_locale":"es_ES","og_type":"article","og_title":"Panel","og_url":"https:\/\/www.gezdora.com\/es\/panel\/","og_site_name":"Gezdora | Yerel Ke\u015fif Platformu","article_modified_time":"2025-07-02T17:10:36+00:00","twitter_card":"summary_large_image","schema":{"@context":"https:\/\/schema.org","@graph":[{"@type":"WebPage","@id":"https:\/\/www.gezdora.com\/panel\/","url":"https:\/\/www.gezdora.com\/panel\/","name":"Panel - Gezdora | Yerel Ke\u015fif Platformu","isPartOf":{"@id":"https:\/\/www.gezdora.com\/#website"},"datePublished":"2023-07-21T02:00:24+00:00","dateModified":"2025-07-02T17:10:36+00:00","breadcrumb":{"@id":"https:\/\/www.gezdora.com\/panel\/#breadcrumb"},"inLanguage":"es","potentialAction":[{"@type":"ReadAction","target":["https:\/\/www.gezdora.com\/panel\/"]}]},{"@type":"BreadcrumbList","@id":"https:\/\/www.gezdora.com\/panel\/#breadcrumb","itemListElement":[{"@type":"ListItem","position":1,"name":"Anasayfa","item":"https:\/\/www.gezdora.com\/"},{"@type":"ListItem","position":2,"name":"Panel"}]},{"@type":"WebSite","@id":"https:\/\/www.gezdora.com\/#website","url":"https:\/\/www.gezdora.com\/","name":"Gezdora | Gu\u00eda de recomendaciones y descubrimientos de Turqu\u00eda","description":"Viaja, viaja seg\u00fan el contenido de tu coraz\u00f3n.","publisher":{"@id":"https:\/\/www.gezdora.com\/#organization"},"potentialAction":[{"@type":"SearchAction","target":{"@type":"EntryPoint","urlTemplate":"https:\/\/www.gezdora.com\/?s={search_term_string}"},"query-input":{"@type":"PropertyValueSpecification","valueRequired":true,"valueName":"search_term_string"}}],"inLanguage":"es"},{"@type":"Organization","@id":"https:\/\/www.gezdora.com\/#organization","name":"Gezdora | Gu\u00eda de recomendaciones y descubrimientos de Turqu\u00eda","url":"https:\/\/www.gezdora.com\/","logo":{"@type":"ImageObject","inLanguage":"es","@id":"https:\/\/www.gezdora.com\/#\/schema\/logo\/image\/","url":"https:\/\/www.gezdora.com\/wp-content\/uploads\/job-manager-uploads\/_user_avatar\/2025\/07\/gwwg.png","contentUrl":"https:\/\/www.gezdora.com\/wp-content\/uploads\/job-manager-uploads\/_user_avatar\/2025\/07\/gwwg.png","width":115,"height":110,"caption":"Gezdora | T\u00fcrkiye'nin Mekan \u00d6neri ve Ke\u015fif Rehberi"},"image":{"@id":"https:\/\/www.gezdora.com\/#\/schema\/logo\/image\/"},"sameAs":["https:\/\/www.instagram.com\/gezdora\/"]}]}},"rttpg_featured_image_url":null,"rttpg_author":{"display_name":"Gezdora","author_link":"https:\/\/www.gezdora.com\/es\/author\/gezdoraadmin\/"},"rttpg_comment":0,"rttpg_category":null,"rttpg_excerpt":null,"ticketed":false,"_links":{"self":[{"href":"https:\/\/www.gezdora.com\/es\/wp-json\/wp\/v2\/pages\/50","targetHints":{"allow":["GET"]}}],"collection":[{"href":"https:\/\/www.gezdora.com\/es\/wp-json\/wp\/v2\/pages"}],"about":[{"href":"https:\/\/www.gezdora.com\/es\/wp-json\/wp\/v2\/types\/page"}],"author":[{"embeddable":true,"href":"https:\/\/www.gezdora.com\/es\/wp-json\/wp\/v2\/users\/1"}],"replies":[{"embeddable":true,"href":"https:\/\/www.gezdora.com\/es\/wp-json\/wp\/v2\/comments?post=50"}],"version-history":[{"count":0,"href":"https:\/\/www.gezdora.com\/es\/wp-json\/wp\/v2\/pages\/50\/revisions"}],"wp:attachment":[{"href":"https:\/\/www.gezdora.com\/es\/wp-json\/wp\/v2\/media?parent=50"}],"curies":[{"name":"gracias","href":"https:\/\/api.w.org\/{rel}","templated":true}]}}